{"id":5899,"date":"2024-06-12T13:03:30","date_gmt":"2024-06-12T10:03:30","guid":{"rendered":"https:\/\/igmco.com.tr\/?page_id=5899"},"modified":"2024-06-14T14:50:55","modified_gmt":"2024-06-14T11:50:55","slug":"ferroalloys","status":"publish","type":"page","link":"https:\/\/igmco.com.tr\/tr\/ferroalloys\/","title":{"rendered":"Ferro Ala\u015f\u0131mlar"},"content":{"rendered":"<div id=\"fws_69e39cf5ed591\"  data-column-margin=\"default\" data-midnight=\"light\"  class=\"wpb_row vc_row-fluid vc_row full-width-section parallax_section\"  style=\"padding-top: 0px; padding-bottom: 0px; \"><div class=\"row-bg-wrap\" data-bg-animation=\"none\" data-bg-animation-delay=\"\" data-bg-overlay=\"true\"><div class=\"inner-wrap row-bg-layer using-image\" ><div class=\"row-bg viewport-desktop using-image using-bg-color\" data-parallax-speed=\"fast\" style=\"background-image: url(https:\/\/themenectar.com\/img\/demo-media\/unsplash\/webp\/large-clouds.webp); background-position: center center; background-repeat: no-repeat; background-color: #ffffff; \"><\/div><\/div><div class=\"row-bg-overlay row-bg-layer\" style=\"background: #886f68; background: linear-gradient(90deg,#886f68 0%,#c0aa9d 100%);  opacity: 0.95; \"><\/div><\/div><div class=\"row_col_wrap_12 col span_12 light left\">\n\t<div  class=\"vc_col-sm-12 wpb_column column_container vc_column_container col has-animation no-extra-padding inherit_tablet inherit_phone\"  data-padding-pos=\"all\" data-has-bg-color=\"false\" data-bg-color=\"\" data-bg-opacity=\"1\" data-animation=\"fade-in\" data-delay=\"0\" >\n\t\t<div class=\"vc_column-inner\" >\n\t\t\t<div class=\"wpb_wrapper\">\n\t\t\t\t<div id=\"fws_69e39cf5edc15\" data-midnight=\"\" data-column-margin=\"default\" class=\"wpb_row vc_row-fluid vc_row inner_row vc_row-o-equal-height vc_row-flex vc_row-o-content-middle\"  style=\"padding-top: 7%; padding-bottom: 7%; \"><div class=\"row-bg-wrap\"> <div class=\"row-bg\" ><\/div> <\/div><div class=\"row_col_wrap_12_inner col span_12  left\">\n\t<div  class=\"vc_col-sm-5 vc_col-xs-12 wpb_column column_container vc_column_container col child_column no-extra-padding inherit_tablet inherit_phone\"   data-padding-pos=\"all\" data-has-bg-color=\"false\" data-bg-color=\"\" data-bg-opacity=\"1\" data-animation=\"\" data-delay=\"0\" >\n\t\t<div class=\"vc_column-inner\" >\n\t\t<div class=\"wpb_wrapper\">\n\t\t\t<div class=\"nectar-highlighted-text\" data-style=\"half_text\" data-exp=\"default\" data-using-custom-color=\"true\" data-animation-delay=\"false\" data-color=\"#ff1053\" data-color-gradient=\"\" style=\"\"><h1>Ferro Ala\u015f\u0131mlar<\/h1>\n<\/div>\n<div class=\"wpb_text_column wpb_content_element\" style=\" max-width: 550px; display: inline-block;\">\n\t<div class=\"wpb_wrapper\">\n\t\t<p><span style=\"font-weight: 400;\">(FESI,FEMO,FESIMG,HCFECR,FEP,&#8230;)<\/span><\/p>\n\t<\/div>\n<\/div>\n\n\n\n\n\t\t<\/div> \n\t<\/div>\n\t<\/div> \n\n\t<div  class=\"vc_col-sm-1 vc_hidden-sm vc_hidden-xs wpb_column column_container vc_column_container col child_column no-extra-padding inherit_tablet inherit_phone\"   data-padding-pos=\"all\" data-has-bg-color=\"false\" data-bg-color=\"\" data-bg-opacity=\"1\" data-animation=\"\" data-delay=\"0\" >\n\t\t<div class=\"vc_column-inner\" >\n\t\t<div class=\"wpb_wrapper\">\n\t\t\t\n\t\t<\/div> \n\t<\/div>\n\t<\/div> \n\n\t<div  class=\"vc_col-sm-6 wpb_column column_container vc_column_container col child_column no-extra-padding inherit_tablet inherit_phone\"   data-padding-pos=\"all\" data-has-bg-color=\"false\" data-bg-color=\"\" data-bg-opacity=\"1\" data-animation=\"\" data-delay=\"0\" >\n\t\t<div class=\"vc_column-inner\" >\n\t\t<div class=\"wpb_wrapper\">\n\t\t\t<div class=\"img-with-aniamtion-wrap\" data-max-width=\"100%\" data-max-width-mobile=\"default\" data-border-radius=\"10px\" data-shadow=\"medium_depth\" data-animation=\"none\" >\n      <div class=\"inner\">\n        <div class=\"hover-wrap\"> \n          <div class=\"hover-wrap-inner\">\n            <img loading=\"lazy\" decoding=\"async\" class=\"img-with-animation skip-lazy\" data-delay=\"0\" height=\"867\" width=\"1300\" data-animation=\"none\" src=\"https:\/\/igmco.com.tr\/wp-content\/uploads\/2024\/06\/igmco.jpeg\" alt=\"\" srcset=\"https:\/\/igmco.com.tr\/wp-content\/uploads\/2024\/06\/igmco.jpeg 1300w, https:\/\/igmco.com.tr\/wp-content\/uploads\/2024\/06\/igmco-300x200.jpeg 300w, https:\/\/igmco.com.tr\/wp-content\/uploads\/2024\/06\/igmco-1024x683.jpeg 1024w, https:\/\/igmco.com.tr\/wp-content\/uploads\/2024\/06\/igmco-768x512.jpeg 768w, https:\/\/igmco.com.tr\/wp-content\/uploads\/2024\/06\/igmco-900x600.jpeg 900w\" sizes=\"auto, (max-width: 1300px) 100vw, 1300px\" \/>\n          <\/div>\n        <\/div>\n      <\/div>\n    <\/div>\n\t\t<\/div> \n\t<\/div>\n\t<\/div> \n<\/div><\/div>\n\t\t\t<\/div> \n\t\t<\/div>\n\t<\/div> \n<\/div><\/div>\n\t\t<div id=\"fws_69e39cf5ef142\"  data-column-margin=\"20px\" data-midnight=\"dark\" data-top-percent=\"6%\" data-bottom-percent=\"6%\"  class=\"wpb_row vc_row-fluid vc_row full-width-section vc_row-o-equal-height vc_row-flex\"  style=\"padding-top: calc(100vw * 0.06); padding-bottom: calc(100vw * 0.06); \"><div class=\"row-bg-wrap\" data-bg-animation=\"none\" data-bg-animation-delay=\"\" data-bg-overlay=\"false\"><div class=\"inner-wrap row-bg-layer\" ><div class=\"row-bg viewport-desktop using-bg-color\"  style=\"background-color: #ffffff; \"><\/div><\/div><\/div><div class=\"row_col_wrap_12 col span_12 dark left\">\n\t<div  class=\"vc_col-sm-12 wpb_column column_container vc_column_container col no-extra-padding force-phone-text-align-left inherit_tablet inherit_phone\"  data-padding-pos=\"all\" data-has-bg-color=\"false\" data-bg-color=\"\" data-bg-opacity=\"1\" data-animation=\"\" data-delay=\"0\" >\n\t\t<div class=\"vc_column-inner\" >\n\t\t\t<div class=\"wpb_wrapper\">\n\t\t\t\t\n\t<div class=\"wpb_content_element\" data-interval=\"0\">\n\t\t<div class=\"wpb_wrapper tabbed clearfix\" data-style=\"vertical\" data-animation=\"\" data-spacing=\"\" data-icon-size=\"\" data-full-width-line=\"\" data-color-scheme=\"accent-color\" data-alignment=\"left\">\n\t\t\t<ul class=\"wpb_tabs_nav ui-tabs-nav clearfix\"><li class=\"tab-item active-tab\"><a role=\"button\" href=\"#tab-1718187978496-2\" class=\"active-tab\"><span>FERRO S\u0130L\u0130KON<\/span><\/a><\/li><li class=\"tab-item\"><a role=\"button\" href=\"#tab-1718187978523-5\" ><span>FERRO KROM<\/span><\/a><\/li><li class=\"tab-item\"><a role=\"button\" href=\"#tab-1718187978540-0\" ><span>FERRO FOSFOR<\/span><\/a><\/li><li class=\"tab-item\"><a role=\"button\" href=\"#tab-1718187978554-2\" ><span>FERRO T\u0130TANYUM<\/span><\/a><\/li><li class=\"tab-item\"><a role=\"button\" href=\"#tab-1718187978566-7\" ><span>FERRO MOL\u0130BDEN<\/span><\/a><\/li><\/ul>\n\n\t\t\t\n\t\t\t<div id=\"tab-ferro-silicon\" data-tab-icon=\"\" class=\"wpb_tab ui-tabs-panel wpb_ui-tabs-hide clearfix\">\n\t\t\t\t\n<div class=\"wpb_text_column wpb_content_element\" >\n\t<div class=\"wpb_wrapper\">\n\t\t<p>Ferro Silisyum, karbon ve paslanmaz \u00e7elik \u00fcretiminde kullan\u0131lan evrensel bir \"\u0131s\u0131 engelleyicidir\". Bu katk\u0131 maddesi, \u00e7eli\u011fin deoksidant i\u015fleminde ve silisyum \u00fcretiminde di\u011fer ferro ala\u015f\u0131mlar\u0131yla birlikte kullan\u0131l\u0131r. Ayr\u0131ca grafitle\u015fmeyi h\u0131zland\u0131rabildi\u011fi i\u00e7in d\u00f6kme demir \u00fcretiminde de kullan\u0131l\u0131r. Ferro Silisyum, \u00fcretim s\u00fcrecinde ferro manganez, spiegeleisen ve kalsiyum silisitlere olan ihtiyac\u0131 ortadan kald\u0131r\u0131r.<\/p>\n<table border=\"1\" width=\"731\">\n<tbody>\n<tr>\n<td width=\"168\"><\/td>\n<td width=\"110\">Si<\/td>\n<td width=\"117\">Al<\/td>\n<td width=\"111\">C<\/td>\n<td width=\"82\">P<\/td>\n<td width=\"107\">S<\/td>\n<\/tr>\n<tr>\n<td>FeSi 45 %<\/td>\n<td>45 % min<\/td>\n<td>2.00 % max<\/td>\n<td>0.20 % max<\/td>\n<td>0.03% max<\/td>\n<td>0.02 % max<\/td>\n<\/tr>\n<tr>\n<td bgcolor=\"#c0c0c0\">FeSi 65 %<\/td>\n<td bgcolor=\"#c0c0c0\">65 % min<\/td>\n<td bgcolor=\"#c0c0c0\">1.50 % max<\/td>\n<td bgcolor=\"#c0c0c0\">0.15 % max<\/td>\n<td bgcolor=\"#c0c0c0\">0.03% max<\/td>\n<td bgcolor=\"#c0c0c0\">0.02 % max<\/td>\n<\/tr>\n<tr>\n<td>FeSi 75 %<\/td>\n<td>75 % min<\/td>\n<td>1.50 % max<\/td>\n<td>0.15 % max<\/td>\n<td>0.03% max<\/td>\n<td>0.02 % max<\/td>\n<\/tr>\n<tr>\n<td bgcolor=\"#c0c0c0\" width=\"168\">FeSi 75 % Low Al<\/td>\n<td bgcolor=\"#c0c0c0\">75 % min<\/td>\n<td bgcolor=\"#c0c0c0\">1.00 % max<\/td>\n<td bgcolor=\"#c0c0c0\">0.05 % max<\/td>\n<td bgcolor=\"#c0c0c0\">0.03% max<\/td>\n<td bgcolor=\"#c0c0c0\">0.02 % max<\/td>\n<\/tr>\n<tr>\n<td width=\"168\">FeSi 75 % High Purity<\/td>\n<td>75 % min<\/td>\n<td>0.10 % max<\/td>\n<td>0.03 % max<\/td>\n<td>0.03% max<\/td>\n<td>0.02 % max<\/td>\n<\/tr>\n<tr>\n<td bgcolor=\"#c0c0c0\">SIZE<\/td>\n<td colspan=\"5\" bgcolor=\"#c0c0c0\">1-3 mm \/ 3-10 mm \/ 10-50 mm \/ 10-100 mm<\/td>\n<\/tr>\n<tr>\n<td>PACKING<\/td>\n<td colspan=\"5\">Bulk or 1 mt big-bag<\/td>\n<\/tr>\n<\/tbody>\n<\/table>\n\t<\/div>\n<\/div>\n\n\n\n\n\t\t\t<\/div> \n\t\t\t<div id=\"tab-ferro-chrome\" data-tab-icon=\"\" class=\"wpb_tab ui-tabs-panel wpb_ui-tabs-hide clearfix\">\n\t\t\t\t\n<div class=\"wpb_text_column wpb_content_element\" >\n\t<div class=\"wpb_wrapper\">\n\t\t<p>Ferrokrom, \u00e7eli\u011fe sertlik, mukavemet ve paslanmazl\u0131k \u00f6zellikleri kazand\u0131rmak i\u00e7in eklenir. Y\u00fcksek Karbonlu Ferrokrom, en \u00e7ok m\u00fchendislik \u00e7elikleri gibi \u00f6zel uygulamalarda kullan\u0131l\u0131r. D\u00fc\u015f\u00fck karbonlu Ferrokrom ise \u00e7elik \u00fcretimi s\u0131ras\u0131nda krom oranlar\u0131n\u0131 d\u00fczeltmek i\u00e7in kullan\u0131l\u0131r. Ayr\u0131ca, s\u00fcper ala\u015f\u0131mlarda ve di\u011fer \u00f6zel eritme uygulamalar\u0131nda metalik kroma d\u00fc\u015f\u00fck maliyetli bir alternatiftir.<\/p>\n<table border=\"1\" width=\"731\">\n<tbody>\n<tr>\n<td width=\"168\"><\/td>\n<td width=\"110\">Cr<\/td>\n<td width=\"117\">C<\/td>\n<td width=\"111\">Si<\/td>\n<td width=\"82\">P<\/td>\n<td width=\"107\">S<\/td>\n<\/tr>\n<tr>\n<td>FeCr HC-Charge CR<\/td>\n<td>55-60 %<\/td>\n<td>6-8 %<\/td>\n<td>3.0 % max<\/td>\n<td>0.03 % max<\/td>\n<td>0.04 % max<\/td>\n<\/tr>\n<tr>\n<td bgcolor=\"#c0c0c0\" width=\"168\">FeCr HC<\/td>\n<td bgcolor=\"#c0c0c0\">60-65 %<\/td>\n<td bgcolor=\"#c0c0c0\">6-8 %<\/td>\n<td bgcolor=\"#c0c0c0\">1.5 % max<\/td>\n<td bgcolor=\"#c0c0c0\">0.02 % max<\/td>\n<td bgcolor=\"#c0c0c0\">0.02 % max<\/td>\n<\/tr>\n<tr>\n<td>FeCr MC<\/td>\n<td>60-65 %<\/td>\n<td>0.5\/1.0 % max<\/td>\n<td>1.0 % max<\/td>\n<td>0.03 % max<\/td>\n<td>0.03 % max<\/td>\n<\/tr>\n<tr>\n<td bgcolor=\"#c0c0c0\">FeCr LC<\/td>\n<td bgcolor=\"#c0c0c0\">65-70 %<\/td>\n<td bgcolor=\"#c0c0c0\">0.10\/0.25 % max<\/td>\n<td bgcolor=\"#c0c0c0\">1.0 % max<\/td>\n<td bgcolor=\"#c0c0c0\">0.03 % max<\/td>\n<td bgcolor=\"#c0c0c0\">0.03 % max<\/td>\n<\/tr>\n<tr>\n<td>FeCr LC high purity<\/td>\n<td>65-70 %<\/td>\n<td>0.03\/0.06 % max<\/td>\n<td>1.0 % max<\/td>\n<td>0.03 % max<\/td>\n<td>0.03 % max<\/td>\n<\/tr>\n<tr>\n<td bgcolor=\"#c0c0c0\">SIZE<\/td>\n<td colspan=\"5\" bgcolor=\"#c0c0c0\">4-10 mm \/ 10-50 mm \/ 10-80 mm \/ 10-100 mm<\/td>\n<\/tr>\n<tr>\n<td>PACKING<\/td>\n<td colspan=\"5\">Bulk or 1 mt big-bag<\/td>\n<\/tr>\n<\/tbody>\n<\/table>\n\t<\/div>\n<\/div>\n\n\n\n\n\t\t\t<\/div> \n\t\t\t<div id=\"tab-ferro-phosphor\" data-tab-icon=\"\" class=\"wpb_tab ui-tabs-panel wpb_ui-tabs-hide clearfix\">\n\t\t\t\t\n<div class=\"wpb_text_column wpb_content_element\" >\n\t<div class=\"wpb_wrapper\">\n\t\t<p><span style=\"font-weight: 400;\">Ferro fosfor, d\u00f6k\u00fcm end\u00fcstrisinde d\u00f6k\u00fcm demirinin y\u00fczd\u00fcr\u00fclebilirli\u011fini art\u0131rmak ve b\u00f6ylece d\u00f6k\u00fcm kalitesini iyile\u015ftirmek i\u00e7in katk\u0131 maddesi olarak kullan\u0131l\u0131r. Fosfor i\u00e7eri\u011fi, d\u00f6k\u00fcmlerin a\u015f\u0131nma direncini art\u0131rabilir ve kesilebilirli\u011fini iyile\u015ftirebilir. Ferro fosfor ayr\u0131ca \u00e7elik \u00fcretiminde katk\u0131 maddesi olarak da kullan\u0131l\u0131r ve bu da belirli \u00e7elik \u00fcr\u00fcnlerinde korozyon direncini art\u0131rabilir.<\/span><\/p>\n<table>\n<tbody>\n<tr>\n<td><\/td>\n<td><span style=\"font-weight: 400;\">P<\/span><\/td>\n<td><span style=\"font-weight: 400;\">Si<\/span><\/td>\n<td><span style=\"font-weight: 400;\">C<\/span><\/td>\n<td><span style=\"font-weight: 400;\">S<\/span><\/td>\n<td><span style=\"font-weight: 400;\">Cu<\/span><\/td>\n<td><span style=\"font-weight: 400;\">V<\/span><\/td>\n<\/tr>\n<tr>\n<td><span style=\"font-weight: 400;\">FeP<\/span><\/td>\n<td><span style=\"font-weight: 400;\">23-28 %<\/span><\/td>\n<td><span style=\"font-weight: 400;\">1-2 %<\/span><\/td>\n<td><span style=\"font-weight: 400;\">0.1 % max<\/span><\/td>\n<td><span style=\"font-weight: 400;\">0.01 % max<\/span><\/td>\n<td><span style=\"font-weight: 400;\">0.5 % max<\/span><\/td>\n<td><span style=\"font-weight: 400;\">0.5 % max<\/span><\/td>\n<\/tr>\n<tr>\n<td><span style=\"font-weight: 400;\">SIZE<\/span><\/td>\n<td colspan=\"6\"><span style=\"font-weight: 400;\">10-50 mm \/ 10-100 mm<\/span><\/td>\n<\/tr>\n<tr>\n<td><span style=\"font-weight: 400;\">PACKING<\/span><\/td>\n<td colspan=\"6\"><span style=\"font-weight: 400;\">1 mt big-bag<\/span><\/td>\n<\/tr>\n<\/tbody>\n<\/table>\n\t<\/div>\n<\/div>\n\n\n\n\n\t\t\t<\/div> \n\t\t\t<div id=\"tab-ferro-titanium\" data-tab-icon=\"\" class=\"wpb_tab ui-tabs-panel wpb_ui-tabs-hide clearfix\">\n\t\t\t\t\n<div class=\"wpb_text_column wpb_content_element\" >\n\t<div class=\"wpb_wrapper\">\n\t\t<p><span style=\"font-weight: 400;\">Ferro Titanyum, paslanmaz \u00e7elik \u00fcreticileri taraf\u0131ndan tane s\u0131n\u0131rlar\u0131nda krom karb\u00fcr olu\u015fumunu \u00f6nlemek i\u00e7in bir dengeleyici olarak ve sac \u00fcretimi i\u00e7in d\u00fc\u015f\u00fck karbonlu \u00e7elik \u00fcretiminde kullan\u0131l\u0131r. Ferro Titanyumun ba\u015fl\u0131ca uygulamalar\u0131 \u015funlard\u0131r: \u2013 Temizleme Maddesi: deoksidasyon, k\u00fck\u00fcrt giderme ve denitrifikasyon i\u00e7in kullan\u0131l\u0131r. \u2013 Tane \u0130nceltici: karbon \u00e7eliklerinde i\u015flenebilirli\u011fi iyile\u015ftirerek \u00e7ok y\u00f6nl\u00fcl\u00fc\u011f\u00fcn\u00fc art\u0131r\u0131r.<\/span><\/p>\n<table>\n<tbody>\n<tr>\n<td><span style=\"font-weight: 400;\">Ti<\/span><\/td>\n<td><span style=\"font-weight: 400;\">40 \/ 70<\/span><\/td>\n<td><span style=\"font-weight: 400;\">% min<\/span><\/td>\n<\/tr>\n<tr>\n<td><span style=\"font-weight: 400;\">Al<\/span><\/td>\n<td><span style=\"font-weight: 400;\">0.5 \/ 4.5<\/span><\/td>\n<td><span style=\"font-weight: 400;\">% max<\/span><\/td>\n<\/tr>\n<tr>\n<td><span style=\"font-weight: 400;\">V<\/span><\/td>\n<td><span style=\"font-weight: 400;\">3<\/span><\/td>\n<td><span style=\"font-weight: 400;\">% max<\/span><\/td>\n<\/tr>\n<tr>\n<td><span style=\"font-weight: 400;\">N<\/span><\/td>\n<td><span style=\"font-weight: 400;\">0.2 \/ 0.5<\/span><\/td>\n<td><span style=\"font-weight: 400;\">% max<\/span><\/td>\n<\/tr>\n<tr>\n<td><span style=\"font-weight: 400;\">S<\/span><\/td>\n<td><span style=\"font-weight: 400;\">0.03<\/span><\/td>\n<td><span style=\"font-weight: 400;\">% max<\/span><\/td>\n<\/tr>\n<tr>\n<td><span style=\"font-weight: 400;\">P<\/span><\/td>\n<td><span style=\"font-weight: 400;\">0.04<\/span><\/td>\n<td><span style=\"font-weight: 400;\">% max<\/span><\/td>\n<\/tr>\n<tr>\n<td><span style=\"font-weight: 400;\">C<\/span><\/td>\n<td><span style=\"font-weight: 400;\">0.20<\/span><\/td>\n<td><span style=\"font-weight: 400;\">% max<\/span><\/td>\n<\/tr>\n<tr>\n<td><span style=\"font-weight: 400;\">Mn<\/span><\/td>\n<td><span style=\"font-weight: 400;\">1,5<\/span><\/td>\n<td><span style=\"font-weight: 400;\">% max<\/span><\/td>\n<\/tr>\n<tr>\n<td><span style=\"font-weight: 400;\">SIZE<\/span><\/td>\n<td colspan=\"2\"><span style=\"font-weight: 400;\">10-50 mm \/ 10-100 mm<\/span><\/td>\n<\/tr>\n<tr>\n<td><span style=\"font-weight: 400;\">PACKING<\/span><\/td>\n<td colspan=\"2\"><span style=\"font-weight: 400;\">1 mt big-bag \/ steel drums<\/span><\/td>\n<\/tr>\n<\/tbody>\n<\/table>\n\t<\/div>\n<\/div>\n\n\n\n\n\t\t\t<\/div> \n\t\t\t<div id=\"tab-ferro-molybdenum\" data-tab-icon=\"\" class=\"wpb_tab ui-tabs-panel wpb_ui-tabs-hide clearfix\">\n\t\t\t\t\n<div class=\"wpb_text_column wpb_content_element\" >\n\t<div class=\"wpb_wrapper\">\n\t\t<p><span style=\"font-weight: 400;\">Ferro Molibden, \u00e7eli\u011fi son derece g\u00fc\u00e7l\u00fc ve ayn\u0131 zamanda kaynaklanabilir k\u0131lan sertle\u015ftirme \u00f6zelliklerine sahiptir. Ayr\u0131ca, bir ala\u015f\u0131ma Ferro Molibden eklenmesi korozyon direncini art\u0131rabilir. Ferro Molibden, paslanmaz \u00e7eliklerde, \u0131s\u0131ya dayan\u0131kl\u0131 \u00e7eliklerde ve tak\u0131m \u00e7eliklerinde kullan\u0131l\u0131r.<\/span><\/p>\n<table>\n<tbody>\n<tr>\n<td><span style=\"font-weight: 400;\">Mo<\/span><\/td>\n<td><span style=\"font-weight: 400;\">60 \/ 65<\/span><\/td>\n<td><span style=\"font-weight: 400;\">% min<\/span><\/td>\n<\/tr>\n<tr>\n<td><span style=\"font-weight: 400;\">Cu<\/span><\/td>\n<td><span style=\"font-weight: 400;\">0.5<\/span><\/td>\n<td><span style=\"font-weight: 400;\">% max<\/span><\/td>\n<\/tr>\n<tr>\n<td><span style=\"font-weight: 400;\">Si<\/span><\/td>\n<td><span style=\"font-weight: 400;\">1,5<\/span><\/td>\n<td><span style=\"font-weight: 400;\">% max<\/span><\/td>\n<\/tr>\n<tr>\n<td><span style=\"font-weight: 400;\">S<\/span><\/td>\n<td><span style=\"font-weight: 400;\">0.1<\/span><\/td>\n<td><span style=\"font-weight: 400;\">% max<\/span><\/td>\n<\/tr>\n<tr>\n<td><span style=\"font-weight: 400;\">Cu<\/span><\/td>\n<td><span style=\"font-weight: 400;\">0.1<\/span><\/td>\n<td><span style=\"font-weight: 400;\">% max<\/span><\/td>\n<\/tr>\n<tr>\n<td><span style=\"font-weight: 400;\">P<\/span><\/td>\n<td><span style=\"font-weight: 400;\">0.05<\/span><\/td>\n<td><span style=\"font-weight: 400;\">% max<\/span><\/td>\n<\/tr>\n<tr>\n<td><span style=\"font-weight: 400;\">SIZE<\/span><\/td>\n<td colspan=\"2\"><span style=\"font-weight: 400;\">10-50 mm \/ 10-100 mm<\/span><\/td>\n<\/tr>\n<tr>\n<td><span style=\"font-weight: 400;\">PACKING<\/span><\/td>\n<td colspan=\"2\"><span style=\"font-weight: 400;\">1 mt big-bag \/ steel drums<\/span><\/td>\n<\/tr>\n<\/tbody>\n<\/table>\n\t<\/div>\n<\/div>\n\n\n\n\n\t\t\t<\/div> \n\t\t<\/div> \n\t<\/div> \n\t\t\t<\/div> \n\t\t<\/div>\n\t<\/div> \n<\/div><\/div>\n\t\t<div id=\"fws_69e39cf5f13b3\"  data-column-margin=\"default\" data-midnight=\"light\"  class=\"wpb_row vc_row-fluid vc_row full-width-section vc_row-o-equal-height vc_row-flex vc_row-o-content-middle\"  style=\"padding-top: 70px; padding-bottom: 70px; \"><div class=\"row-bg-wrap\" data-bg-animation=\"none\" data-bg-animation-delay=\"\" data-bg-overlay=\"false\"><div class=\"inner-wrap row-bg-layer\" ><div class=\"row-bg viewport-desktop using-bg-color\"  style=\"background-color: #000000; \"><\/div><\/div><\/div><div class=\"row_col_wrap_12 col span_12 light left\">\n\t<div  class=\"vc_col-sm-5 wpb_column column_container vc_column_container col no-extra-padding force-tablet-text-align-center force-phone-text-align-center inherit_tablet inherit_phone\"  data-padding-pos=\"all\" data-has-bg-color=\"false\" data-bg-color=\"\" data-bg-opacity=\"1\" data-animation=\"\" data-delay=\"0\" >\n\t\t<div class=\"vc_column-inner\" >\n\t\t\t<div class=\"wpb_wrapper\">\n\t\t\t\t<div class=\"nectar-split-heading\" data-align=\"default\" data-m-align=\"inherit\" data-text-effect=\"default\" data-animation-type=\"line-reveal-by-space\" data-animation-delay=\"0\" data-animation-offset=\"\" data-m-rm-animation=\"\" data-stagger=\"\" data-custom-font-size=\"false\" ><h2 >Enough Talk, Let's Build Something Together<\/h2><\/div>\n\t\t\t<\/div> \n\t\t<\/div>\n\t<\/div> \n\n\t<div  class=\"vc_col-sm-1 wpb_column column_container vc_column_container col no-extra-padding force-tablet-text-align-center force-phone-text-align-center inherit_tablet inherit_phone\"  data-padding-pos=\"all\" data-has-bg-color=\"false\" data-bg-color=\"\" data-bg-opacity=\"1\" data-animation=\"\" data-delay=\"0\" >\n\t\t<div class=\"vc_column-inner\" >\n\t\t\t<div class=\"wpb_wrapper\">\n\t\t\t\t\n\t\t\t<\/div> \n\t\t<\/div>\n\t<\/div> \n\n\t<div  class=\"vc_col-sm-6 wpb_column column_container vc_column_container col no-extra-padding force-tablet-text-align-center force-phone-text-align-center inherit_tablet inherit_phone\"  data-padding-pos=\"all\" data-has-bg-color=\"false\" data-bg-color=\"\" data-bg-opacity=\"1\" data-animation=\"\" data-delay=\"0\" >\n\t\t<div class=\"vc_column-inner\" >\n\t\t\t<div class=\"wpb_wrapper\">\n\t\t\t\t<div id=\"fws_69e39cf5f1f64\" data-midnight=\"\" data-column-margin=\"default\" class=\"wpb_row vc_row-fluid vc_row inner_row\"  style=\"\"><div class=\"row-bg-wrap\"> <div class=\"row-bg\" ><\/div> <\/div><div class=\"row_col_wrap_12_inner col span_12  right\">\n\t<div  class=\"vc_col-sm-12 wpb_column column_container vc_column_container col child_column no-extra-padding inherit_tablet inherit_phone\"   data-padding-pos=\"all\" data-has-bg-color=\"false\" data-bg-color=\"\" data-bg-opacity=\"1\" data-animation=\"\" data-delay=\"0\" >\n\t\t<div class=\"vc_column-inner\" >\n\t\t<div class=\"wpb_wrapper\">\n\t\t\t<div class=\"nectar-cta  alignment_tablet_default alignment_phone_default display_tablet_inherit display_phone_inherit\" data-color=\"accent-color\" data-using-bg=\"true\" data-style=\"arrow-animation\" data-display=\"inline\" data-alignment=\"left\" data-text-color=\"custom\" ><h4 style=\"color: #ffffff;\"><span class=\"link_wrap\" style=\"padding-top: 20px; padding-right: 40px; padding-bottom: 20px; padding-left: 40px;\"><a target=\"_blank\" class=\"link_text\" role=\"button\" href=\"https:\/\/igmco.com.tr\/tr\/contact\/\"><span class=\"text\">\u015eimdi bize ula\u015f!<\/span><svg class=\"next-arrow\" aria-hidden=\"true\" width=\"20px\" height=\"25px\" viewbox=\"0 0 50 80\" xml:space=\"preserve\">\n  <polyline stroke=\"#ffffff\" stroke-width=\"9\" fill=\"none\" stroke-linecap=\"round\" stroke-linejoin=\"round\" points=\"0, 0 45, 40 0, 80\"\/>\n  <\/svg>  <span class=\"line\"  style=\"background-color: #ffffff;\"><\/span> <\/a><\/span><\/h4><\/div>\n\t\t<\/div> \n\t<\/div>\n\t<\/div> \n<\/div><\/div>\n\t\t\t<\/div> \n\t\t<\/div>\n\t<\/div> \n<\/div><\/div>","protected":false},"excerpt":{"rendered":"Ferroalloys (FESI,FEMO,FESIMG,HCFECR,FEP,...) FERRO SILICONFERRO CHROMEFERRO PHOSPHORFERRO TITANIUMFERRO MOLYBDENUM Ferro Silicon is a universal \u201cheat-blocker\u201d used in the production of carbon and stainless steels. This additive...","protected":false},"author":1,"featured_media":0,"parent":0,"menu_order":0,"comment_status":"closed","ping_status":"closed","template":"","meta":{"om_disable_all_campaigns":false,"_monsterinsights_skip_tracking":false,"_monsterinsights_sitenote_active":false,"_monsterinsights_sitenote_note":"","_monsterinsights_sitenote_category":0,"footnotes":""},"class_list":["post-5899","page","type-page","status-publish"],"aioseo_notices":[],"_links":{"self":[{"href":"https:\/\/igmco.com.tr\/tr\/wp-json\/wp\/v2\/pages\/5899","targetHints":{"allow":["GET"]}}],"collection":[{"href":"https:\/\/igmco.com.tr\/tr\/wp-json\/wp\/v2\/pages"}],"about":[{"href":"https:\/\/igmco.com.tr\/tr\/wp-json\/wp\/v2\/types\/page"}],"author":[{"embeddable":true,"href":"https:\/\/igmco.com.tr\/tr\/wp-json\/wp\/v2\/users\/1"}],"replies":[{"embeddable":true,"href":"https:\/\/igmco.com.tr\/tr\/wp-json\/wp\/v2\/comments?post=5899"}],"version-history":[{"count":21,"href":"https:\/\/igmco.com.tr\/tr\/wp-json\/wp\/v2\/pages\/5899\/revisions"}],"predecessor-version":[{"id":5926,"href":"https:\/\/igmco.com.tr\/tr\/wp-json\/wp\/v2\/pages\/5899\/revisions\/5926"}],"wp:attachment":[{"href":"https:\/\/igmco.com.tr\/tr\/wp-json\/wp\/v2\/media?parent=5899"}],"curies":[{"name":"wp","href":"https:\/\/api.w.org\/{rel}","templated":true}]}}