{"id":5821,"date":"2024-04-15T21:46:44","date_gmt":"2024-04-15T18:46:44","guid":{"rendered":"http:\/\/igmco.com.tr\/?page_id=5821"},"modified":"2024-05-28T13:00:57","modified_gmt":"2024-05-28T10:00:57","slug":"about-us","status":"publish","type":"page","link":"https:\/\/igmco.com.tr\/tr\/about-us\/","title":{"rendered":"Hakk\u0131m\u0131zda"},"content":{"rendered":"<div id=\"fws_69e38aa6b878b\"  data-column-margin=\"default\" data-midnight=\"light\" data-top-percent=\"10%\" data-bottom-percent=\"10%\"  class=\"wpb_row vc_row-fluid vc_row full-width-section parallax_section\"  style=\"padding-top: calc(100vw * 0.10); padding-bottom: calc(100vw * 0.10); \"><div class=\"row-bg-wrap\" data-bg-animation=\"none\" data-bg-animation-delay=\"\" data-bg-overlay=\"true\"><div class=\"inner-wrap row-bg-layer using-image\" ><div class=\"row-bg viewport-desktop using-image\" data-parallax-speed=\"fast\" style=\"background-image: url(https:\/\/igmco.com.tr\/wp-content\/uploads\/2024\/04\/course-68-768x512-1.jpg); background-position: center bottom; background-repeat: no-repeat; \"><\/div><\/div><div class=\"row-bg-overlay row-bg-layer\" style=\"background: #c0aa9d; background: linear-gradient(90deg,#c0aa9d 0%,#886f68 100%);  opacity: 0.8; \"><\/div><\/div><div class=\"row_col_wrap_12 col span_12 light left\">\n\t<div  class=\"vc_col-sm-5 wpb_column column_container vc_column_container col no-extra-padding inherit_tablet inherit_phone\"  data-padding-pos=\"all\" data-has-bg-color=\"false\" data-bg-color=\"\" data-bg-opacity=\"1\" data-animation=\"\" data-delay=\"0\" >\n\t\t<div class=\"vc_column-inner\" >\n\t\t\t<div class=\"wpb_wrapper\">\n\t\t\t\t<div id=\"fws_69e38aa6b8e64\" data-midnight=\"\" data-column-margin=\"default\" class=\"wpb_row vc_row-fluid vc_row inner_row\"  style=\"\"><div class=\"row-bg-wrap\"> <div class=\"row-bg\" ><\/div> <\/div><div class=\"row_col_wrap_12_inner col span_12  left\">\n\t<div  class=\"vc_col-sm-12 wpb_column column_container vc_column_container col child_column no-extra-padding inherit_tablet inherit_phone\"   data-padding-pos=\"all\" data-has-bg-color=\"false\" data-bg-color=\"\" data-bg-opacity=\"1\" data-animation=\"\" data-delay=\"0\" >\n\t\t<div class=\"vc_column-inner\" >\n\t\t<div class=\"wpb_wrapper\">\n\t\t\t<div class=\"nectar-highlighted-text\" data-style=\"scribble\" data-exp=\"default\" data-using-custom-color=\"false\" data-animation-delay=\"false\" data-color=\"\" data-color-gradient=\"\" style=\"\"><h2 class=\"translation-block\"><em class=\"animated\">IGMCO<\/em> Hakk\u0131nda<\/h2>\n<p>IGM, 2000 y\u0131l\u0131ndan bu yana Avrupa'n\u0131n \u00fcnl\u00fc markalar\u0131na ait \u00e7e\u015fitli hammadde ve d\u00f6k\u00fcm makinelerinin temsilcili\u011fini yapmaktad\u0131r.<\/p>\n<p>Hizmet zincirimizi tamamlamak amac\u0131yla Avrupa'ya da d\u00f6k\u00fcm hammaddeleri ve d\u00f6k\u00fcm ihracat\u0131 konusunda \u00e7al\u0131\u015fmalar\u0131m\u0131z devam ediyor.<\/p>\n<\/div>\n\t\t<\/div> \n\t<\/div>\n\t<\/div> \n<\/div><\/div>\n\t\t\t<\/div> \n\t\t<\/div>\n\t<\/div> \n\n\t<div  class=\"vc_col-sm-7 wpb_column column_container vc_column_container col no-extra-padding inherit_tablet inherit_phone\"  data-padding-pos=\"all\" data-has-bg-color=\"false\" data-bg-color=\"\" data-bg-opacity=\"1\" data-animation=\"\" data-delay=\"0\" >\n\t\t<div class=\"vc_column-inner\" >\n\t\t\t<div class=\"wpb_wrapper\">\n\t\t\t\t\n\t\t\t<\/div> \n\t\t<\/div>\n\t<\/div> \n<\/div><\/div>\n\t\t<div id=\"fws_69e38aa6b9b68\"  data-column-margin=\"10px\" data-midnight=\"dark\" data-top-percent=\"3%\" data-bottom-percent=\"3%\"  class=\"wpb_row vc_row-fluid vc_row full-width-section vc_row-o-equal-height vc_row-flex vc_row-o-content-middle\"  style=\"padding-top: calc(100vw * 0.03); padding-bottom: calc(100vw * 0.03); \"><div class=\"row-bg-wrap\" data-bg-animation=\"none\" data-bg-animation-delay=\"\" data-bg-overlay=\"false\"><div class=\"inner-wrap row-bg-layer\" ><div class=\"row-bg viewport-desktop\"  style=\"\"><\/div><\/div><\/div><div class=\"row_col_wrap_12 col span_12 dark left\">\n\t<div  class=\"vc_col-sm-6 wpb_column column_container vc_column_container col padding-2-percent inherit_tablet inherit_phone\"  data-padding-pos=\"top\" data-has-bg-color=\"false\" data-bg-color=\"\" data-bg-opacity=\"1\" data-animation=\"\" data-delay=\"0\" >\n\t\t<div class=\"vc_column-inner\" >\n\t\t\t<div class=\"wpb_wrapper\">\n\t\t\t\t<div id=\"fws_69e38aa6ba14d\" data-midnight=\"\" data-column-margin=\"30px\" class=\"wpb_row vc_row-fluid vc_row inner_row vc_row-o-equal-height vc_row-flex vc_row-o-content-middle\"  style=\"\"><div class=\"row-bg-wrap\"> <div class=\"row-bg\" ><\/div> <\/div><div class=\"row_col_wrap_12_inner col span_12  left\">\n\t<div  class=\"vc_col-sm-12 wpb_column column_container vc_column_container col child_column has-animation no-extra-padding inherit_tablet inherit_phone\"   data-padding-pos=\"all\" data-has-bg-color=\"false\" data-bg-color=\"\" data-bg-opacity=\"1\" data-animation=\"fade-in-from-bottom\" data-delay=\"0\" >\n\t\t<div class=\"vc_column-inner\" >\n\t\t<div class=\"wpb_wrapper\">\n\t\t\t<div class=\"nectar_icon_wrap\" data-style=\"shadow-bg\" data-padding=\"15px\" data-color=\"extra-color-1\" style=\"\" >\n\t\t<div class=\"nectar_icon\" ><span class=\"im-icon-wrap\" data-color=\"extra-color-1\" style=\"height: 36px; width: 36px;\"><span><svg role=\"presentation\" version=\"1.1\" xmlns=\"http:\/\/www.w3.org\/2000\/svg\" width=\"24\" height=\"24\" viewbox=\"0 0 32 32\">\n        <path d=\"M30.639 31.667h-30c-0.367 0-0.667-0.3-0.667-0.667v-30c0-0.367 0.3-0.667 0.667-0.667s0.667 0.3 0.667 0.667v29.333h29.333c0.367 0 0.667 0.3 0.667 0.667s-0.3 0.667-0.667 0.667zM2.639 5h-1.333c-0.367 0-0.667-0.3-0.667-0.667s0.3-0.667 0.667-0.667h1.333c0.367 0 0.667 0.3 0.667 0.667s-0.3 0.667-0.667 0.667zM2.639 9h-1.333c-0.367 0-0.667-0.3-0.667-0.667s0.3-0.667 0.667-0.667h1.333c0.367 0 0.667 0.3 0.667 0.667s-0.3 0.667-0.667 0.667zM2.639 13h-1.333c-0.367 0-0.667-0.3-0.667-0.667s0.3-0.667 0.667-0.667h1.333c0.367 0 0.667 0.3 0.667 0.667s-0.3 0.667-0.667 0.667zM2.639 17h-1.333c-0.367 0-0.667-0.3-0.667-0.667s0.3-0.667 0.667-0.667h1.333c0.367 0 0.667 0.3 0.667 0.667s-0.3 0.667-0.667 0.667zM7.361 26.221c-1.839 0-3.333-1.495-3.333-3.333s1.495-3.333 3.333-3.333 3.333 1.495 3.333 3.333-1.495 3.333-3.333 3.333zM7.361 20.888c-1.103 0-2 0.897-2 2s0.897 2 2 2 2-0.897 2-2-0.897-2-2-2zM20.695 22.221c-1.839 0-3.333-1.495-3.333-3.333s1.495-3.333 3.333-3.333 3.333 1.495 3.333 3.333-1.495 3.333-3.333 3.333zM20.695 16.888c-1.104 0-2 0.897-2 2s0.896 2 2 2c1.101 0 2-0.897 2-2s-0.897-2-2-2zM28.695 7.555c-1.839 0-3.333-1.495-3.333-3.333s1.495-3.333 3.333-3.333 3.333 1.495 3.333 3.333-1.495 3.333-3.333 3.333zM28.695 2.221c-1.104 0-2 0.897-2 2s0.896 2 2 2c1.101 0 2-0.897 2-2s-0.897-2-2-2zM21.972 17.216c-0.109 0-0.219-0.027-0.32-0.084-0.323-0.175-0.443-0.581-0.265-0.905l5.451-9.991c0.175-0.325 0.584-0.443 0.907-0.265 0.32 0.176 0.443 0.584 0.263 0.907l-5.451 9.989c-0.121 0.224-0.351 0.349-0.584 0.349zM10.028 22.86c-0.285 0-0.548-0.184-0.637-0.469-0.109-0.355 0.084-0.724 0.44-0.833l8-2.479c0.355-0.109 0.724 0.088 0.833 0.44 0.109 0.355-0.085 0.724-0.44 0.833l-8 2.477c-0.064 0.023-0.131 0.031-0.196 0.031zM2.944 29.779c-0.139 0-0.279-0.043-0.399-0.133-0.296-0.219-0.357-0.639-0.137-0.932l2.968-3.987c0.224-0.299 0.64-0.357 0.933-0.139 0.296 0.22 0.359 0.639 0.137 0.933l-2.968 3.987c-0.132 0.18-0.332 0.271-0.535 0.271z\"><\/path>\n        <\/svg><\/span><\/span><\/div>\n\t<\/div>\n\t\t<\/div> \n\t<\/div>\n\t<\/div> \n<\/div><\/div><div id=\"fws_69e38aa6bb442\" data-midnight=\"\" data-column-margin=\"none\" class=\"wpb_row vc_row-fluid vc_row inner_row vc_row-o-content-middle\"  style=\"\"><div class=\"row-bg-wrap\"> <div class=\"row-bg\" ><\/div> <\/div><div class=\"row_col_wrap_12_inner col span_12  left\">\n\t<div  class=\"vc_col-sm-12 wpb_column column_container vc_column_container col child_column no-extra-padding inherit_tablet inherit_phone\"   data-padding-pos=\"all\" data-has-bg-color=\"false\" data-bg-color=\"\" data-bg-opacity=\"1\" data-animation=\"\" data-delay=\"0\" >\n\t\t<div class=\"vc_column-inner\" >\n\t\t<div class=\"wpb_wrapper\">\n\t\t\t<div class=\"nectar-split-heading\" data-align=\"default\" data-m-align=\"inherit\" data-text-effect=\"none\" data-animation-type=\"line-reveal-by-space\" data-animation-delay=\"0\" data-animation-offset=\"\" data-m-rm-animation=\"\" data-stagger=\"\" data-custom-font-size=\"false\" ><h2 style=\"max-width: 520px;\">Misyon<br \/>\n<\/h2><\/div>\n<div class=\"wpb_text_column wpb_content_element  vc_custom_1716889336654\" style=\" max-width: 550px; display: inline-block;\">\n\t<div class=\"wpb_wrapper\">\n\t\t<p>Temel ilkelerimiz, s\u00f6z ve taahh\u00fctlerimizin arkas\u0131nda kalite ve m\u00fc\u015fteri memnuniyeti ile durmakt\u0131r.<\/p>\n\t<\/div>\n<\/div>\n\n\n\n<div class=\"divider-wrap\" data-alignment=\"default\"><div style=\"height: 25px;\" class=\"divider\"><\/div><\/div>\n\t\t<\/div> \n\t<\/div>\n\t<\/div> \n<\/div><\/div><div id=\"fws_69e38aa6bbca2\" data-midnight=\"\" data-column-margin=\"default\" class=\"wpb_row vc_row-fluid vc_row inner_row vc_row-o-content-middle\"  style=\"\"><div class=\"row-bg-wrap\"> <div class=\"row-bg\" ><\/div> <\/div><div class=\"row_col_wrap_12_inner col span_12  left\">\n\t<div  class=\"vc_col-sm-12 wpb_column column_container vc_column_container col child_column no-extra-padding inherit_tablet inherit_phone\"   data-padding-pos=\"all\" data-has-bg-color=\"false\" data-bg-color=\"\" data-bg-opacity=\"1\" data-animation=\"\" data-delay=\"0\" >\n\t\t<div class=\"vc_column-inner\" >\n\t\t<div class=\"wpb_wrapper\">\n\t\t\t<div class=\"nectar-split-heading\" data-align=\"default\" data-m-align=\"inherit\" data-text-effect=\"none\" data-animation-type=\"line-reveal-by-space\" data-animation-delay=\"0\" data-animation-offset=\"\" data-m-rm-animation=\"\" data-stagger=\"\" data-custom-font-size=\"false\" ><h2 style=\"max-width: 520px;\">Neden IGMCO?<\/h2><\/div>\n<div class=\"wpb_text_column wpb_content_element  vc_custom_1716889393875\" style=\" max-width: 550px; display: inline-block;\">\n\t<div class=\"wpb_wrapper\">\n\t\t<ul>\n<li>D\u00f6k\u00fcmhanenin her sekt\u00f6r\u00fcnde son derece deneyimli m\u00fchendislerden olu\u015fan bir ekip<\/li>\n<li>M\u00fc\u015fterilerimize uygun hammadde ve makine se\u00e7iminde tam destek ve yard\u0131m sa\u011fl\u0131yoruz<\/li>\n<li>Her t\u00fcrl\u00fc m\u00fc\u015fteri ihtiyac\u0131na an\u0131nda cevap verebilme yetene\u011fi.<\/li>\n<li>70 \u00fczerinde m\u00fc\u015fteri memnuniyeti<\/li>\n<\/ul>\n\t<\/div>\n<\/div>\n\n\n\n\n\t\t<\/div> \n\t<\/div>\n\t<\/div> \n<\/div><\/div>\n\t\t\t<\/div> \n\t\t<\/div>\n\t<\/div> \n\n\t<div  class=\"vc_col-sm-6 wpb_column column_container vc_column_container col no-extra-padding inherit_tablet inherit_phone\"  data-padding-pos=\"all\" data-has-bg-color=\"false\" data-bg-color=\"\" data-bg-opacity=\"1\" data-animation=\"\" data-delay=\"0\" >\n\t\t<div class=\"vc_column-inner\" >\n\t\t\t<div class=\"wpb_wrapper\">\n\t\t\t\t<div class=\"img-with-aniamtion-wrap\" data-max-width=\"100%\" data-max-width-mobile=\"default\" data-border-radius=\"5px\" data-shadow=\"none\" data-animation=\"none\" >\n      <div class=\"inner\">\n        <div class=\"hover-wrap\"> \n          <div class=\"hover-wrap-inner\">\n            <img loading=\"lazy\" decoding=\"async\" class=\"img-with-animation skip-lazy\" data-delay=\"0\" height=\"658\" width=\"658\" data-animation=\"none\" src=\"https:\/\/igmco.com.tr\/wp-content\/uploads\/2024\/04\/igmco-hakkimizda.jpeg\" alt=\"\" srcset=\"https:\/\/igmco.com.tr\/wp-content\/uploads\/2024\/04\/igmco-hakkimizda.jpeg 658w, https:\/\/igmco.com.tr\/wp-content\/uploads\/2024\/04\/igmco-hakkimizda-300x300.jpeg 300w, https:\/\/igmco.com.tr\/wp-content\/uploads\/2024\/04\/igmco-hakkimizda-150x150.jpeg 150w, https:\/\/igmco.com.tr\/wp-content\/uploads\/2024\/04\/igmco-hakkimizda-140x140.jpeg 140w, https:\/\/igmco.com.tr\/wp-content\/uploads\/2024\/04\/igmco-hakkimizda-100x100.jpeg 100w, https:\/\/igmco.com.tr\/wp-content\/uploads\/2024\/04\/igmco-hakkimizda-500x500.jpeg 500w, https:\/\/igmco.com.tr\/wp-content\/uploads\/2024\/04\/igmco-hakkimizda-350x350.jpeg 350w\" sizes=\"auto, (max-width: 658px) 100vw, 658px\" \/>\n          <\/div>\n        <\/div>\n      <\/div>\n    <\/div>\n\t\t\t<\/div> \n\t\t<\/div>\n\t<\/div> \n<\/div><\/div>","protected":false},"excerpt":{"rendered":"About IGMCO IGM has been making representation of various raw materials and foundry machineries from famous European brands since 2000. In order to complete our...","protected":false},"author":1,"featured_media":0,"parent":0,"menu_order":0,"comment_status":"closed","ping_status":"closed","template":"","meta":{"om_disable_all_campaigns":false,"_monsterinsights_skip_tracking":false,"_monsterinsights_sitenote_active":false,"_monsterinsights_sitenote_note":"","_monsterinsights_sitenote_category":0,"footnotes":""},"class_list":["post-5821","page","type-page","status-publish"],"aioseo_notices":[],"_links":{"self":[{"href":"https:\/\/igmco.com.tr\/tr\/wp-json\/wp\/v2\/pages\/5821","targetHints":{"allow":["GET"]}}],"collection":[{"href":"https:\/\/igmco.com.tr\/tr\/wp-json\/wp\/v2\/pages"}],"about":[{"href":"https:\/\/igmco.com.tr\/tr\/wp-json\/wp\/v2\/types\/page"}],"author":[{"embeddable":true,"href":"https:\/\/igmco.com.tr\/tr\/wp-json\/wp\/v2\/users\/1"}],"replies":[{"embeddable":true,"href":"https:\/\/igmco.com.tr\/tr\/wp-json\/wp\/v2\/comments?post=5821"}],"version-history":[{"count":7,"href":"https:\/\/igmco.com.tr\/tr\/wp-json\/wp\/v2\/pages\/5821\/revisions"}],"predecessor-version":[{"id":5855,"href":"https:\/\/igmco.com.tr\/tr\/wp-json\/wp\/v2\/pages\/5821\/revisions\/5855"}],"wp:attachment":[{"href":"https:\/\/igmco.com.tr\/tr\/wp-json\/wp\/v2\/media?parent=5821"}],"curies":[{"name":"wp","href":"https:\/\/api.w.org\/{rel}","templated":true}]}}